{"id":3696,"date":"2021-06-27T12:46:29","date_gmt":"2021-06-27T12:46:29","guid":{"rendered":"https:\/\/mybelovedcraft.com\/site\/?page_id=3696"},"modified":"2021-06-27T12:57:28","modified_gmt":"2021-06-27T12:57:28","slug":"yarn-bomb-s-pedro-de-todas-as-cores","status":"publish","type":"page","link":"https:\/\/mybelovedcraft.com\/site\/yarn-bomb-s-pedro-de-todas-as-cores\/","title":{"rendered":"Yarn Bomb &#8220;S. Pedro De Todas As Cores&#8221;"},"content":{"rendered":"<div class=\"fcbkbttn_buttons_block\" id=\"fcbkbttn_left\"><div class=\"fcbkbttn_button\">\n                            <a href=\"https:\/\/www.facebook.com\/\" target=\"_blank\">\n                                <img src=\"https:\/\/mybelovedcraft.com\/site\/wp-content\/plugins\/social-buttons-pack\/facebook-button-plugin\/images\/standard-facebook-ico.png\" alt=\"Fb-Button\" \/>\n                            <\/a>\n                        <\/div><div class=\"fcbkbttn_like \"><fb:like href=\"https:\/\/mybelovedcraft.com\/site\/yarn-bomb-s-pedro-de-todas-as-cores\/\" action=\"like\" colorscheme=\"light\" layout=\"standard\" show-faces='false' width=\"225px\" size=\"small\"><\/fb:like><\/div><\/div><div class=\"pntrst_main_before_after\"><div class=\"pntrst-button-wrap\">\r\n\t\t\t\t\t\t\t<a data-pin-do=\"buttonBookmark\" data-pin-custom=\"\" href=\"https:\/\/www.pinterest.com\/pin\/create\/button\/\"><img data-pin-nopin=\"1\" class=\"pntrst-custom-pin\" src=\"https:\/\/mybelovedcraft.com\/site\/wp-content\/plugins\/social-buttons-pack\/bws-pinterest\/images\/pin.png\" width=\"60\"><\/a>\r\n\t\t\t\t\t\t<\/div><div class=\"pntrst-button-wrap \" >\r\n\t\t\t\t\t\t\t<a  data-pin-do=\"buttonFollow\" href=\"https:\/\/www.pinterest.com\/\/\">Follow me<\/a>\r\n\t\t\t\t\t\t<\/div><\/div>\n<p>Encomenda para Arquivo e Museu Municipais da P\u00f3voa de Varzim, 25 de junho de 2021.<\/p>\n\n\n\n<p>Instala\u00e7\u00e3o composta por quarenta e seis bandeiras: vinte e seis compostas por nove tri\u00e2ngulos rendados, com cerca de cinquenta cent\u00edmetros de lado; vinte compostas por quatro tri\u00e2ngulos rendados com cerca de trinta cent\u00edmetros de lado. Em cada uma foi aplicado um froco na ponta inferior. Cada bandeira tem duas cores, na totalidade foram utilizadas onze cores diferentes. Foram necess\u00e1rios cerca de tr\u00eas quilos e meio de fio de algod\u00e3o e setenta e cinco horas de trabalho.<\/p>\n\n\n\n<figure class=\"wp-block-image size-large\"><img decoding=\"async\" loading=\"lazy\" width=\"720\" height=\"450\" src=\"https:\/\/mybelovedcraft.com\/site\/wp-content\/uploads\/2021\/06\/mybelovedcraft_laramafalda_yarnbomb_saopedro3-edited-1.jpg\" alt=\"\" class=\"wp-image-3700\"\/><\/figure>\n\n\n\n<figure class=\"wp-block-image size-large\"><img decoding=\"async\" loading=\"lazy\" width=\"889\" height=\"886\" src=\"https:\/\/mybelovedcraft.com\/site\/wp-content\/uploads\/2021\/06\/mybelovedcraft_laramafalda_yarnbomb_saopedro4.jpg\" alt=\"\" class=\"wp-image-3672\"\/><\/figure>\n\n\n\n<figure class=\"wp-block-image size-large\"><img decoding=\"async\" loading=\"lazy\" width=\"1800\" height=\"831\" src=\"https:\/\/mybelovedcraft.com\/site\/wp-content\/uploads\/2021\/06\/mybelovedcraft_laramafalda_yarnbomb_saopedro9-1800x831.jpg\" alt=\"\" class=\"wp-image-3677\" srcset=\"https:\/\/mybelovedcraft.com\/site\/wp-content\/uploads\/2021\/06\/mybelovedcraft_laramafalda_yarnbomb_saopedro9-1800x831.jpg 1800w, https:\/\/mybelovedcraft.com\/site\/wp-content\/uploads\/2021\/06\/mybelovedcraft_laramafalda_yarnbomb_saopedro9-1200x554.jpg 1200w, https:\/\/mybelovedcraft.com\/site\/wp-content\/uploads\/2021\/06\/mybelovedcraft_laramafalda_yarnbomb_saopedro9-1536x709.jpg 1536w, https:\/\/mybelovedcraft.com\/site\/wp-content\/uploads\/2021\/06\/mybelovedcraft_laramafalda_yarnbomb_saopedro9.jpg 1920w\" sizes=\"(max-width: 1800px) 100vw, 1800px\" \/><\/figure>\n\n\n\n<figure class=\"wp-block-image size-large\"><img decoding=\"async\" loading=\"lazy\" width=\"886\" height=\"886\" src=\"https:\/\/mybelovedcraft.com\/site\/wp-content\/uploads\/2021\/06\/mybelovedcraft_laramafalda_yarnbomb_saopedro-edited.jpg\" alt=\"\" class=\"wp-image-3697\" srcset=\"https:\/\/mybelovedcraft.com\/site\/wp-content\/uploads\/2021\/06\/mybelovedcraft_laramafalda_yarnbomb_saopedro-edited.jpg 886w, https:\/\/mybelovedcraft.com\/site\/wp-content\/uploads\/2021\/06\/mybelovedcraft_laramafalda_yarnbomb_saopedro-edited-600x600.jpg 600w\" sizes=\"(max-width: 886px) 100vw, 886px\" \/><\/figure>\n\n\n\n<figure class=\"wp-block-image size-large\"><img decoding=\"async\" loading=\"lazy\" width=\"953\" height=\"953\" src=\"https:\/\/mybelovedcraft.com\/site\/wp-content\/uploads\/2021\/06\/mybelovedcraft_laramafalda_yarnbomb_saopedro8-edited.jpg\" alt=\"\" class=\"wp-image-3698\" srcset=\"https:\/\/mybelovedcraft.com\/site\/wp-content\/uploads\/2021\/06\/mybelovedcraft_laramafalda_yarnbomb_saopedro8-edited.jpg 953w, https:\/\/mybelovedcraft.com\/site\/wp-content\/uploads\/2021\/06\/mybelovedcraft_laramafalda_yarnbomb_saopedro8-edited-600x600.jpg 600w\" sizes=\"(max-width: 953px) 100vw, 953px\" \/><\/figure>\n\n\n\n<figure class=\"wp-block-image size-large\"><img decoding=\"async\" loading=\"lazy\" width=\"1066\" height=\"1066\" src=\"https:\/\/mybelovedcraft.com\/site\/wp-content\/uploads\/2021\/06\/mybelovedcraft_laramafalda_yarnbomb_saopedro5-edited.jpg\" alt=\"\" class=\"wp-image-3699\" srcset=\"https:\/\/mybelovedcraft.com\/site\/wp-content\/uploads\/2021\/06\/mybelovedcraft_laramafalda_yarnbomb_saopedro5-edited.jpg 1066w, https:\/\/mybelovedcraft.com\/site\/wp-content\/uploads\/2021\/06\/mybelovedcraft_laramafalda_yarnbomb_saopedro5-edited-600x600.jpg 600w\" sizes=\"(max-width: 1066px) 100vw, 1066px\" \/><\/figure>\n<div class=\"pntrst_main_before_after\"><\/div>","protected":false},"excerpt":{"rendered":"<p>Follow me Encomenda para Arquivo e Museu Municipais da P\u00f3voa de Varzim, 25 de junho de 2021. Instala\u00e7\u00e3o composta por quarenta e seis bandeiras: vinte e seis compostas por nove tri\u00e2ngulos rendados, com cerca de cinquenta cent\u00edmetros de lado; vinte compostas por quatro tri\u00e2ngulos rendados com cerca de trinta cent\u00edmetros de lado. Em cada uma [&hellip;]<\/p>\n","protected":false},"author":3,"featured_media":3672,"parent":0,"menu_order":0,"comment_status":"closed","ping_status":"closed","template":"","meta":[],"_links":{"self":[{"href":"https:\/\/mybelovedcraft.com\/site\/wp-json\/wp\/v2\/pages\/3696"}],"collection":[{"href":"https:\/\/mybelovedcraft.com\/site\/wp-json\/wp\/v2\/pages"}],"about":[{"href":"https:\/\/mybelovedcraft.com\/site\/wp-json\/wp\/v2\/types\/page"}],"author":[{"embeddable":true,"href":"https:\/\/mybelovedcraft.com\/site\/wp-json\/wp\/v2\/users\/3"}],"replies":[{"embeddable":true,"href":"https:\/\/mybelovedcraft.com\/site\/wp-json\/wp\/v2\/comments?post=3696"}],"version-history":[{"count":2,"href":"https:\/\/mybelovedcraft.com\/site\/wp-json\/wp\/v2\/pages\/3696\/revisions"}],"predecessor-version":[{"id":3706,"href":"https:\/\/mybelovedcraft.com\/site\/wp-json\/wp\/v2\/pages\/3696\/revisions\/3706"}],"wp:featuredmedia":[{"embeddable":true,"href":"https:\/\/mybelovedcraft.com\/site\/wp-json\/wp\/v2\/media\/3672"}],"wp:attachment":[{"href":"https:\/\/mybelovedcraft.com\/site\/wp-json\/wp\/v2\/media?parent=3696"}],"curies":[{"name":"wp","href":"https:\/\/api.w.org\/{rel}","templated":true}]}}