{"id":3690,"date":"2021-06-27T12:25:32","date_gmt":"2021-06-27T12:25:32","guid":{"rendered":"https:\/\/mybelovedcraft.com\/site\/?page_id=3690"},"modified":"2021-06-27T12:51:35","modified_gmt":"2021-06-27T12:51:35","slug":"yarn-bom-salgueiro-do-lavorada","status":"publish","type":"page","link":"https:\/\/mybelovedcraft.com\/site\/yarn-bom-salgueiro-do-lavorada\/","title":{"rendered":"Yarn Bomb &#8220;Salgueiro do Lavorada&#8221;"},"content":{"rendered":"<div class=\"fcbkbttn_buttons_block\" id=\"fcbkbttn_left\"><div class=\"fcbkbttn_button\">\n                            <a href=\"https:\/\/www.facebook.com\/\" target=\"_blank\">\n                                <img src=\"https:\/\/mybelovedcraft.com\/site\/wp-content\/plugins\/social-buttons-pack\/facebook-button-plugin\/images\/standard-facebook-ico.png\" alt=\"Fb-Button\" \/>\n                            <\/a>\n                        <\/div><div class=\"fcbkbttn_like \"><fb:like href=\"https:\/\/mybelovedcraft.com\/site\/yarn-bom-salgueiro-do-lavorada\/\" action=\"like\" colorscheme=\"light\" layout=\"standard\" show-faces='false' width=\"225px\" size=\"small\"><\/fb:like><\/div><\/div><div class=\"pntrst_main_before_after\"><div class=\"pntrst-button-wrap\">\r\n\t\t\t\t\t\t\t<a data-pin-do=\"buttonBookmark\" data-pin-custom=\"\" href=\"https:\/\/www.pinterest.com\/pin\/create\/button\/\"><img data-pin-nopin=\"1\" class=\"pntrst-custom-pin\" src=\"https:\/\/mybelovedcraft.com\/site\/wp-content\/plugins\/social-buttons-pack\/bws-pinterest\/images\/pin.png\" width=\"60\"><\/a>\r\n\t\t\t\t\t\t<\/div><div class=\"pntrst-button-wrap \" >\r\n\t\t\t\t\t\t\t<a  data-pin-do=\"buttonFollow\" href=\"https:\/\/www.pinterest.com\/\/\">Follow me<\/a>\r\n\t\t\t\t\t\t<\/div><\/div>\n<p>Instala\u00e7\u00e3o feita para o Lavorada &#8211; O Festival dos Lavores, 12 de junho de 2021, no Jardim da Biblioteca Municipal Rocha Peixoto, P\u00f3voa de Varzim.<\/p>\n\n\n\n<p>Sobressaindo da envolvente verde do jardim, esta yarnbomb \u00e9 verdadeiramente uma explos\u00e3o de cor!<\/p>\n\n\n\n<p>Foram utilizados cerca de tr\u00eas quilos e meio de fio em algod\u00e3o, em dez cores diferentes, para executar cerca de cento e quarenta rosetas, em cem horas de trabalho. Unidas em torno do tronco de um grande salgueiro, formando uma esp\u00e9cie de espiral arco-\u00edris. <\/p>\n\n\n\n<figure class=\"wp-block-image size-large\"><img decoding=\"async\" loading=\"lazy\" width=\"1350\" height=\"1800\" src=\"https:\/\/mybelovedcraft.com\/site\/wp-content\/uploads\/2021\/06\/mybelovedcraft_laramafalda_yarnbomb3-1350x1800.jpg\" alt=\"\" class=\"wp-image-3660\" srcset=\"https:\/\/mybelovedcraft.com\/site\/wp-content\/uploads\/2021\/06\/mybelovedcraft_laramafalda_yarnbomb3-1350x1800.jpg 1350w, https:\/\/mybelovedcraft.com\/site\/wp-content\/uploads\/2021\/06\/mybelovedcraft_laramafalda_yarnbomb3-900x1200.jpg 900w, https:\/\/mybelovedcraft.com\/site\/wp-content\/uploads\/2021\/06\/mybelovedcraft_laramafalda_yarnbomb3-1152x1536.jpg 1152w, https:\/\/mybelovedcraft.com\/site\/wp-content\/uploads\/2021\/06\/mybelovedcraft_laramafalda_yarnbomb3.jpg 1440w\" sizes=\"(max-width: 1350px) 100vw, 1350px\" \/><\/figure>\n\n\n\n<figure class=\"wp-block-image size-large\"><img decoding=\"async\" loading=\"lazy\" width=\"1440\" height=\"1800\" src=\"https:\/\/mybelovedcraft.com\/site\/wp-content\/uploads\/2021\/06\/mybelovedcraft_laramafalda_yarnbomb5-1440x1800.jpg\" alt=\"\" class=\"wp-image-3662\" srcset=\"https:\/\/mybelovedcraft.com\/site\/wp-content\/uploads\/2021\/06\/mybelovedcraft_laramafalda_yarnbomb5-1440x1800.jpg 1440w, https:\/\/mybelovedcraft.com\/site\/wp-content\/uploads\/2021\/06\/mybelovedcraft_laramafalda_yarnbomb5-960x1200.jpg 960w, https:\/\/mybelovedcraft.com\/site\/wp-content\/uploads\/2021\/06\/mybelovedcraft_laramafalda_yarnbomb5-1229x1536.jpg 1229w, https:\/\/mybelovedcraft.com\/site\/wp-content\/uploads\/2021\/06\/mybelovedcraft_laramafalda_yarnbomb5-1638x2048.jpg 1638w, https:\/\/mybelovedcraft.com\/site\/wp-content\/uploads\/2021\/06\/mybelovedcraft_laramafalda_yarnbomb5-scaled.jpg 2048w\" sizes=\"(max-width: 1440px) 100vw, 1440px\" \/><\/figure>\n\n\n\n<figure class=\"wp-block-image size-large\"><img decoding=\"async\" loading=\"lazy\" width=\"1800\" height=\"1350\" src=\"https:\/\/mybelovedcraft.com\/site\/wp-content\/uploads\/2021\/06\/mybelovedcraft_laramafalda_yarnbomb8-1800x1350.jpg\" alt=\"\" class=\"wp-image-3666\" srcset=\"https:\/\/mybelovedcraft.com\/site\/wp-content\/uploads\/2021\/06\/mybelovedcraft_laramafalda_yarnbomb8-1800x1350.jpg 1800w, https:\/\/mybelovedcraft.com\/site\/wp-content\/uploads\/2021\/06\/mybelovedcraft_laramafalda_yarnbomb8-1200x900.jpg 1200w, https:\/\/mybelovedcraft.com\/site\/wp-content\/uploads\/2021\/06\/mybelovedcraft_laramafalda_yarnbomb8-1536x1152.jpg 1536w, https:\/\/mybelovedcraft.com\/site\/wp-content\/uploads\/2021\/06\/mybelovedcraft_laramafalda_yarnbomb8-2048x1536.jpg 2048w\" sizes=\"(max-width: 1800px) 100vw, 1800px\" \/><\/figure>\n\n\n\n<figure class=\"wp-block-image size-large\"><img decoding=\"async\" loading=\"lazy\" width=\"1800\" height=\"1200\" src=\"https:\/\/mybelovedcraft.com\/site\/wp-content\/uploads\/2021\/06\/mybelovedcraft_laramafalda_yarnbomb7-1800x1200.jpg\" alt=\"\" class=\"wp-image-3664\" srcset=\"https:\/\/mybelovedcraft.com\/site\/wp-content\/uploads\/2021\/06\/mybelovedcraft_laramafalda_yarnbomb7-1800x1200.jpg 1800w, https:\/\/mybelovedcraft.com\/site\/wp-content\/uploads\/2021\/06\/mybelovedcraft_laramafalda_yarnbomb7-1200x800.jpg 1200w, https:\/\/mybelovedcraft.com\/site\/wp-content\/uploads\/2021\/06\/mybelovedcraft_laramafalda_yarnbomb7-1536x1024.jpg 1536w, https:\/\/mybelovedcraft.com\/site\/wp-content\/uploads\/2021\/06\/mybelovedcraft_laramafalda_yarnbomb7-2048x1365.jpg 2048w\" sizes=\"(max-width: 1800px) 100vw, 1800px\" \/><\/figure>\n\n\n\n<figure class=\"wp-block-image size-large\"><img decoding=\"async\" loading=\"lazy\" width=\"1632\" height=\"918\" src=\"https:\/\/mybelovedcraft.com\/site\/wp-content\/uploads\/2021\/06\/mybelovedcraft_laramafalda_yarnbomb.jpg\" alt=\"\" class=\"wp-image-3658\" srcset=\"https:\/\/mybelovedcraft.com\/site\/wp-content\/uploads\/2021\/06\/mybelovedcraft_laramafalda_yarnbomb.jpg 1632w, https:\/\/mybelovedcraft.com\/site\/wp-content\/uploads\/2021\/06\/mybelovedcraft_laramafalda_yarnbomb-1200x675.jpg 1200w, https:\/\/mybelovedcraft.com\/site\/wp-content\/uploads\/2021\/06\/mybelovedcraft_laramafalda_yarnbomb-1536x864.jpg 1536w\" sizes=\"(max-width: 1632px) 100vw, 1632px\" \/><\/figure>\n\n\n\n<figure class=\"wp-block-image size-large\"><img decoding=\"async\" loading=\"lazy\" width=\"1800\" height=\"1201\" src=\"https:\/\/mybelovedcraft.com\/site\/wp-content\/uploads\/2021\/06\/mybelovedcraft_laramafalda_yarnbomb4-1800x1201.jpg\" alt=\"\" class=\"wp-image-3661\" srcset=\"https:\/\/mybelovedcraft.com\/site\/wp-content\/uploads\/2021\/06\/mybelovedcraft_laramafalda_yarnbomb4-1800x1201.jpg 1800w, https:\/\/mybelovedcraft.com\/site\/wp-content\/uploads\/2021\/06\/mybelovedcraft_laramafalda_yarnbomb4-1200x801.jpg 1200w, https:\/\/mybelovedcraft.com\/site\/wp-content\/uploads\/2021\/06\/mybelovedcraft_laramafalda_yarnbomb4-1536x1025.jpg 1536w, https:\/\/mybelovedcraft.com\/site\/wp-content\/uploads\/2021\/06\/mybelovedcraft_laramafalda_yarnbomb4-2048x1367.jpg 2048w\" sizes=\"(max-width: 1800px) 100vw, 1800px\" \/><\/figure>\n\n\n\n<figure class=\"wp-block-image size-large\"><img decoding=\"async\" loading=\"lazy\" width=\"1800\" height=\"1201\" src=\"https:\/\/mybelovedcraft.com\/site\/wp-content\/uploads\/2021\/06\/mybelovedcraft_laramafalda_yarnbomb6-1800x1201.jpg\" alt=\"\" class=\"wp-image-3663\" srcset=\"https:\/\/mybelovedcraft.com\/site\/wp-content\/uploads\/2021\/06\/mybelovedcraft_laramafalda_yarnbomb6-1800x1201.jpg 1800w, https:\/\/mybelovedcraft.com\/site\/wp-content\/uploads\/2021\/06\/mybelovedcraft_laramafalda_yarnbomb6-1200x801.jpg 1200w, https:\/\/mybelovedcraft.com\/site\/wp-content\/uploads\/2021\/06\/mybelovedcraft_laramafalda_yarnbomb6-1536x1025.jpg 1536w, https:\/\/mybelovedcraft.com\/site\/wp-content\/uploads\/2021\/06\/mybelovedcraft_laramafalda_yarnbomb6-2048x1367.jpg 2048w\" sizes=\"(max-width: 1800px) 100vw, 1800px\" \/><\/figure>\n<div class=\"pntrst_main_before_after\"><\/div>","protected":false},"excerpt":{"rendered":"<p>Follow me Instala\u00e7\u00e3o feita para o Lavorada &#8211; O Festival dos Lavores, 12 de junho de 2021, no Jardim da Biblioteca Municipal Rocha Peixoto, P\u00f3voa de Varzim. Sobressaindo da envolvente verde do jardim, esta yarnbomb \u00e9 verdadeiramente uma explos\u00e3o de cor! Foram utilizados cerca de tr\u00eas quilos e meio de fio em algod\u00e3o, em dez [&hellip;]<\/p>\n","protected":false},"author":3,"featured_media":3662,"parent":0,"menu_order":0,"comment_status":"closed","ping_status":"closed","template":"","meta":[],"_links":{"self":[{"href":"https:\/\/mybelovedcraft.com\/site\/wp-json\/wp\/v2\/pages\/3690"}],"collection":[{"href":"https:\/\/mybelovedcraft.com\/site\/wp-json\/wp\/v2\/pages"}],"about":[{"href":"https:\/\/mybelovedcraft.com\/site\/wp-json\/wp\/v2\/types\/page"}],"author":[{"embeddable":true,"href":"https:\/\/mybelovedcraft.com\/site\/wp-json\/wp\/v2\/users\/3"}],"replies":[{"embeddable":true,"href":"https:\/\/mybelovedcraft.com\/site\/wp-json\/wp\/v2\/comments?post=3690"}],"version-history":[{"count":4,"href":"https:\/\/mybelovedcraft.com\/site\/wp-json\/wp\/v2\/pages\/3690\/revisions"}],"predecessor-version":[{"id":3705,"href":"https:\/\/mybelovedcraft.com\/site\/wp-json\/wp\/v2\/pages\/3690\/revisions\/3705"}],"wp:featuredmedia":[{"embeddable":true,"href":"https:\/\/mybelovedcraft.com\/site\/wp-json\/wp\/v2\/media\/3662"}],"wp:attachment":[{"href":"https:\/\/mybelovedcraft.com\/site\/wp-json\/wp\/v2\/media?parent=3690"}],"curies":[{"name":"wp","href":"https:\/\/api.w.org\/{rel}","templated":true}]}}