{"id":3014,"date":"2016-06-17T11:44:55","date_gmt":"2016-06-17T11:44:55","guid":{"rendered":"http:\/\/www.mybelovedcraft.com\/blog\/?page_id=3014"},"modified":"2021-06-05T18:04:27","modified_gmt":"2021-06-05T18:04:27","slug":"yarn-bomb-flores-caidas","status":"publish","type":"page","link":"https:\/\/mybelovedcraft.com\/site\/yarn-bomb-flores-caidas\/","title":{"rendered":"Yarn Bomb &#8220;Flores Ca\u00eddas&#8221;"},"content":{"rendered":"<div class=\"fcbkbttn_buttons_block\" id=\"fcbkbttn_left\"><div class=\"fcbkbttn_button\">\n                            <a href=\"https:\/\/www.facebook.com\/\" target=\"_blank\">\n                                <img src=\"https:\/\/mybelovedcraft.com\/site\/wp-content\/plugins\/social-buttons-pack\/facebook-button-plugin\/images\/standard-facebook-ico.png\" alt=\"Fb-Button\" \/>\n                            <\/a>\n                        <\/div><div class=\"fcbkbttn_like \"><fb:like href=\"https:\/\/mybelovedcraft.com\/site\/yarn-bomb-flores-caidas\/\" action=\"like\" colorscheme=\"light\" layout=\"standard\" show-faces='false' width=\"225px\" size=\"small\"><\/fb:like><\/div><\/div><div class=\"pntrst_main_before_after\"><div class=\"pntrst-button-wrap\">\r\n\t\t\t\t\t\t\t<a data-pin-do=\"buttonBookmark\" data-pin-custom=\"\" href=\"https:\/\/www.pinterest.com\/pin\/create\/button\/\"><img data-pin-nopin=\"1\" class=\"pntrst-custom-pin\" src=\"https:\/\/mybelovedcraft.com\/site\/wp-content\/plugins\/social-buttons-pack\/bws-pinterest\/images\/pin.png\" width=\"60\"><\/a>\r\n\t\t\t\t\t\t<\/div><div class=\"pntrst-button-wrap \" >\r\n\t\t\t\t\t\t\t<a  data-pin-do=\"buttonFollow\" href=\"https:\/\/www.pinterest.com\/\/\">Follow me<\/a>\r\n\t\t\t\t\t\t<\/div><\/div><p><a href=\"https:\/\/mybelovedcraft.com\/site\/wp-content\/uploads\/2016\/06\/Yarn-Bomb_Cartaz.png\"><img decoding=\"async\" loading=\"lazy\" class=\"alignnone size-full wp-image-2977\" src=\"https:\/\/mybelovedcraft.com\/site\/wp-content\/uploads\/2016\/06\/Yarn-Bomb_Cartaz.png\" alt=\"Yarn Bomb_Cartaz\" width=\"842\" height=\"1191\" srcset=\"https:\/\/mybelovedcraft.com\/site\/wp-content\/uploads\/2016\/06\/Yarn-Bomb_Cartaz.png 842w, https:\/\/mybelovedcraft.com\/site\/wp-content\/uploads\/2016\/06\/Yarn-Bomb_Cartaz-566x800.png 566w, https:\/\/mybelovedcraft.com\/site\/wp-content\/uploads\/2016\/06\/Yarn-Bomb_Cartaz-724x1024.png 724w, https:\/\/mybelovedcraft.com\/site\/wp-content\/uploads\/2016\/06\/Yarn-Bomb_Cartaz-141x200.png 141w\" sizes=\"(max-width: 842px) 100vw, 842px\" \/><\/a><\/p>\n<p><a href=\"https:\/\/mybelovedcraft.com\/site\/wp-content\/uploads\/2016\/06\/IMG_6810.jpg\"><img decoding=\"async\" loading=\"lazy\" class=\"alignnone size-full wp-image-3013\" src=\"https:\/\/mybelovedcraft.com\/site\/wp-content\/uploads\/2016\/06\/IMG_6810.jpg\" alt=\"flores-caidas_mybelovedcraft\" width=\"1500\" height=\"847\" srcset=\"https:\/\/mybelovedcraft.com\/site\/wp-content\/uploads\/2016\/06\/IMG_6810.jpg 1500w, https:\/\/mybelovedcraft.com\/site\/wp-content\/uploads\/2016\/06\/IMG_6810-800x452.jpg 800w, https:\/\/mybelovedcraft.com\/site\/wp-content\/uploads\/2016\/06\/IMG_6810-1024x578.jpg 1024w, https:\/\/mybelovedcraft.com\/site\/wp-content\/uploads\/2016\/06\/IMG_6810-200x113.jpg 200w\" sizes=\"(max-width: 1500px) 100vw, 1500px\" \/><\/a><\/p>\n<p><a href=\"https:\/\/mybelovedcraft.com\/site\/wp-content\/uploads\/2016\/06\/IMG_6805-e1466119181553.jpg\"><img decoding=\"async\" loading=\"lazy\" class=\"alignnone size-full wp-image-3010\" src=\"https:\/\/mybelovedcraft.com\/site\/wp-content\/uploads\/2016\/06\/IMG_6805-e1466119181553.jpg\" alt=\"flores-caidas_mybelovedcraft\" width=\"640\" height=\"640\" srcset=\"https:\/\/mybelovedcraft.com\/site\/wp-content\/uploads\/2016\/06\/IMG_6805-e1466119181553.jpg 640w, https:\/\/mybelovedcraft.com\/site\/wp-content\/uploads\/2016\/06\/IMG_6805-e1466119181553-400x400.jpg 400w, https:\/\/mybelovedcraft.com\/site\/wp-content\/uploads\/2016\/06\/IMG_6805-e1466119181553-200x200.jpg 200w\" sizes=\"(max-width: 640px) 100vw, 640px\" \/><\/a><\/p>\n<p><a href=\"https:\/\/mybelovedcraft.com\/site\/wp-content\/uploads\/2016\/06\/IMG_6806-e1466119206801.jpg\"><img decoding=\"async\" loading=\"lazy\" class=\"alignnone size-full wp-image-3011\" src=\"https:\/\/mybelovedcraft.com\/site\/wp-content\/uploads\/2016\/06\/IMG_6806-e1466119206801.jpg\" alt=\"flores-caidas_mybelovedcraft\" width=\"640\" height=\"640\" srcset=\"https:\/\/mybelovedcraft.com\/site\/wp-content\/uploads\/2016\/06\/IMG_6806-e1466119206801.jpg 640w, https:\/\/mybelovedcraft.com\/site\/wp-content\/uploads\/2016\/06\/IMG_6806-e1466119206801-400x400.jpg 400w, https:\/\/mybelovedcraft.com\/site\/wp-content\/uploads\/2016\/06\/IMG_6806-e1466119206801-200x200.jpg 200w\" sizes=\"(max-width: 640px) 100vw, 640px\" \/><\/a><\/p>\n<p><a href=\"https:\/\/mybelovedcraft.com\/site\/wp-content\/uploads\/2016\/06\/IMG_6809-e1466119225209.jpg\"><img decoding=\"async\" loading=\"lazy\" class=\"alignnone size-full wp-image-3012\" src=\"https:\/\/mybelovedcraft.com\/site\/wp-content\/uploads\/2016\/06\/IMG_6809-e1466119225209.jpg\" alt=\"flores-caidas_mybelovedcraft\" width=\"640\" height=\"640\" srcset=\"https:\/\/mybelovedcraft.com\/site\/wp-content\/uploads\/2016\/06\/IMG_6809-e1466119225209.jpg 640w, https:\/\/mybelovedcraft.com\/site\/wp-content\/uploads\/2016\/06\/IMG_6809-e1466119225209-400x400.jpg 400w, https:\/\/mybelovedcraft.com\/site\/wp-content\/uploads\/2016\/06\/IMG_6809-e1466119225209-200x200.jpg 200w\" sizes=\"(max-width: 640px) 100vw, 640px\" \/><\/a><\/p>\n<p><a href=\"http:\/\/www.mybelovedcraft.com\/blog\/?attachment_id=3008\" rel=\"attachment wp-att-3008\"><img decoding=\"async\" loading=\"lazy\" class=\"alignnone size-medium wp-image-3008\" src=\"https:\/\/mybelovedcraft.com\/site\/wp-content\/uploads\/2016\/06\/IMG_6803-800x800.jpg\" alt=\"flores-caidas_mybelovedcraft\" width=\"800\" height=\"800\"><\/a><\/p>\n<p><a href=\"http:\/\/www.mybelovedcraft.com\/blog\/?attachment_id=3009\" rel=\"attachment wp-att-3009\"><img decoding=\"async\" loading=\"lazy\" class=\"alignnone size-medium wp-image-3009\" src=\"https:\/\/mybelovedcraft.com\/site\/wp-content\/uploads\/2016\/06\/IMG_6804-800x800.jpg\" alt=\"flores-caidas_mybelovedcraft\" width=\"800\" height=\"800\"><\/a><\/p>\n<p>Encomenda para o II Anivers\u00e1rio de Reabertura do Cine-Teatro Garrett, Junho 2016, P\u00f3voa de Varzim, Portugal.<\/p>\n<p>Projecto idealizado em conjunto com a direc\u00e7\u00e3o do Cine-Teatro Garrett.<br \/>\nProjectado e inteiramente manufacturado por Lara Mafalda, <a href=\"http:\/\/www.mybelovedcraft.com\/blog\/\">my Beloved Craft<\/a>.<br \/>\nPassarinhos manufacturados por <a href=\"https:\/\/www.facebook.com\/Mo{ca63c85fbf3dc088fa9c3bfa2ee12335da2449b4b30498493e236a2dfc5d1fb9}C3{ca63c85fbf3dc088fa9c3bfa2ee12335da2449b4b30498493e236a2dfc5d1fb9}A7a-857248654303512\/\">Paula Cristina Mo\u00e7a.<\/a><\/p>\n<p>Para a instala\u00e7\u00e3o foram utilizados 35 quilos de fio de algod\u00e3o, distribu\u00eddos por 12 cores diferentes, 8 para as flores e 4 para os caules. Cerca de 2500 flores foram distribu\u00eddas pelos 14 metros de varandas e janelas da fachada do cine-teatro.<\/p>\n<p>&nbsp;<\/p>\n<div class=\"pntrst_main_before_after\"><\/div>","protected":false},"excerpt":{"rendered":"<p>Follow me Encomenda para o II Anivers\u00e1rio de Reabertura do Cine-Teatro Garrett, Junho 2016, P\u00f3voa de Varzim, Portugal. Projecto idealizado em conjunto com a direc\u00e7\u00e3o do Cine-Teatro Garrett. Projectado e inteiramente manufacturado por Lara Mafalda, my Beloved Craft. Passarinhos manufacturados por Paula Cristina Mo\u00e7a. Para a instala\u00e7\u00e3o foram utilizados 35 quilos de fio de algod\u00e3o, [&hellip;]<\/p>\n","protected":false},"author":3,"featured_media":3009,"parent":0,"menu_order":0,"comment_status":"closed","ping_status":"closed","template":"","meta":[],"_links":{"self":[{"href":"https:\/\/mybelovedcraft.com\/site\/wp-json\/wp\/v2\/pages\/3014"}],"collection":[{"href":"https:\/\/mybelovedcraft.com\/site\/wp-json\/wp\/v2\/pages"}],"about":[{"href":"https:\/\/mybelovedcraft.com\/site\/wp-json\/wp\/v2\/types\/page"}],"author":[{"embeddable":true,"href":"https:\/\/mybelovedcraft.com\/site\/wp-json\/wp\/v2\/users\/3"}],"replies":[{"embeddable":true,"href":"https:\/\/mybelovedcraft.com\/site\/wp-json\/wp\/v2\/comments?post=3014"}],"version-history":[{"count":6,"href":"https:\/\/mybelovedcraft.com\/site\/wp-json\/wp\/v2\/pages\/3014\/revisions"}],"predecessor-version":[{"id":3618,"href":"https:\/\/mybelovedcraft.com\/site\/wp-json\/wp\/v2\/pages\/3014\/revisions\/3618"}],"wp:featuredmedia":[{"embeddable":true,"href":"https:\/\/mybelovedcraft.com\/site\/wp-json\/wp\/v2\/media\/3009"}],"wp:attachment":[{"href":"https:\/\/mybelovedcraft.com\/site\/wp-json\/wp\/v2\/media?parent=3014"}],"curies":[{"name":"wp","href":"https:\/\/api.w.org\/{rel}","templated":true}]}}