{"id":2942,"date":"2016-05-02T14:10:25","date_gmt":"2016-05-02T14:10:25","guid":{"rendered":"http:\/\/www.mybelovedcraft.com\/blog\/?page_id=2942"},"modified":"2021-06-27T12:28:49","modified_gmt":"2021-06-27T12:28:49","slug":"yarn-bomb-para-o-dia-da-mae","status":"publish","type":"page","link":"https:\/\/mybelovedcraft.com\/site\/yarn-bomb-para-o-dia-da-mae\/","title":{"rendered":"Yarn Bomb Para o Dia da M\u00e3e"},"content":{"rendered":"<div class=\"fcbkbttn_buttons_block\" id=\"fcbkbttn_left\"><div class=\"fcbkbttn_button\">\n                            <a href=\"https:\/\/www.facebook.com\/\" target=\"_blank\">\n                                <img src=\"https:\/\/mybelovedcraft.com\/site\/wp-content\/plugins\/social-buttons-pack\/facebook-button-plugin\/images\/standard-facebook-ico.png\" alt=\"Fb-Button\" \/>\n                            <\/a>\n                        <\/div><div class=\"fcbkbttn_like \"><fb:like href=\"https:\/\/mybelovedcraft.com\/site\/yarn-bomb-para-o-dia-da-mae\/\" action=\"like\" colorscheme=\"light\" layout=\"standard\" show-faces='false' width=\"225px\" size=\"small\"><\/fb:like><\/div><\/div><div class=\"pntrst_main_before_after\"><div class=\"pntrst-button-wrap\">\r\n\t\t\t\t\t\t\t<a data-pin-do=\"buttonBookmark\" data-pin-custom=\"\" href=\"https:\/\/www.pinterest.com\/pin\/create\/button\/\"><img data-pin-nopin=\"1\" class=\"pntrst-custom-pin\" src=\"https:\/\/mybelovedcraft.com\/site\/wp-content\/plugins\/social-buttons-pack\/bws-pinterest\/images\/pin.png\" width=\"60\"><\/a>\r\n\t\t\t\t\t\t<\/div><div class=\"pntrst-button-wrap \" >\r\n\t\t\t\t\t\t\t<a  data-pin-do=\"buttonFollow\" href=\"https:\/\/www.pinterest.com\/\/\">Follow me<\/a>\r\n\t\t\t\t\t\t<\/div><\/div><p>Um jardim com 240 flores em crochet para todas as m\u00e3es do mundo!<\/p>\n<p>Projecto idealizado, projectado e realizado pela <a href=\"https:\/\/www.facebook.com\/my-Beloved-Craft-151781221535427\/\" data-hovercard=\"\/ajax\/hovercard\/page.php?id=151781221535427&amp;extragetparams={ca63c85fbf3dc088fa9c3bfa2ee12335da2449b4b30498493e236a2dfc5d1fb9}7B{ca63c85fbf3dc088fa9c3bfa2ee12335da2449b4b30498493e236a2dfc5d1fb9}22directed_target_id{ca63c85fbf3dc088fa9c3bfa2ee12335da2449b4b30498493e236a2dfc5d1fb9}22{ca63c85fbf3dc088fa9c3bfa2ee12335da2449b4b30498493e236a2dfc5d1fb9}3A0{ca63c85fbf3dc088fa9c3bfa2ee12335da2449b4b30498493e236a2dfc5d1fb9}7D\">my Beloved Craft<\/a> para o Dia da M\u00e3e, 1 de Maio de 2016 no Largo Dr. David Alves, P\u00f3voa de Varzim.<\/p>\n<p><a href=\"https:\/\/mybelovedcraft.com\/site\/wp-content\/uploads\/2016\/05\/yarnbomb2_mybelovedcraft-e1462197746281.jpg\"><img decoding=\"async\" loading=\"lazy\" class=\"alignnone size-full wp-image-2935\" src=\"https:\/\/mybelovedcraft.com\/site\/wp-content\/uploads\/2016\/05\/yarnbomb2_mybelovedcraft-e1462197746281.jpg\" alt=\"yarnbomb2_mybelovedcraft\" width=\"640\" height=\"640\" srcset=\"https:\/\/mybelovedcraft.com\/site\/wp-content\/uploads\/2016\/05\/yarnbomb2_mybelovedcraft-e1462197746281.jpg 640w, https:\/\/mybelovedcraft.com\/site\/wp-content\/uploads\/2016\/05\/yarnbomb2_mybelovedcraft-e1462197746281-400x400.jpg 400w, https:\/\/mybelovedcraft.com\/site\/wp-content\/uploads\/2016\/05\/yarnbomb2_mybelovedcraft-e1462197746281-200x200.jpg 200w\" sizes=\"(max-width: 640px) 100vw, 640px\" \/><\/a><br \/>\n<a href=\"https:\/\/mybelovedcraft.com\/site\/wp-content\/uploads\/2016\/05\/yarnbomb4_mybelovedcraft-e1462197858880.jpg\"><img decoding=\"async\" loading=\"lazy\" class=\"alignnone size-full wp-image-2937\" src=\"https:\/\/mybelovedcraft.com\/site\/wp-content\/uploads\/2016\/05\/yarnbomb4_mybelovedcraft-e1462197858880.jpg\" alt=\"yarnbomb4_mybelovedcraft\" width=\"640\" height=\"640\" srcset=\"https:\/\/mybelovedcraft.com\/site\/wp-content\/uploads\/2016\/05\/yarnbomb4_mybelovedcraft-e1462197858880.jpg 640w, https:\/\/mybelovedcraft.com\/site\/wp-content\/uploads\/2016\/05\/yarnbomb4_mybelovedcraft-e1462197858880-400x400.jpg 400w, https:\/\/mybelovedcraft.com\/site\/wp-content\/uploads\/2016\/05\/yarnbomb4_mybelovedcraft-e1462197858880-200x200.jpg 200w\" sizes=\"(max-width: 640px) 100vw, 640px\" \/><\/a><br \/>\n<a href=\"https:\/\/mybelovedcraft.com\/site\/wp-content\/uploads\/2016\/05\/yarnbomb1_mybelovedcraft-e1462197881709.jpg\"><img decoding=\"async\" loading=\"lazy\" class=\"alignnone size-full wp-image-2934\" src=\"https:\/\/mybelovedcraft.com\/site\/wp-content\/uploads\/2016\/05\/yarnbomb1_mybelovedcraft-e1462197881709.jpg\" alt=\"yarnbomb1_mybelovedcraft\" width=\"640\" height=\"640\" srcset=\"https:\/\/mybelovedcraft.com\/site\/wp-content\/uploads\/2016\/05\/yarnbomb1_mybelovedcraft-e1462197881709.jpg 640w, https:\/\/mybelovedcraft.com\/site\/wp-content\/uploads\/2016\/05\/yarnbomb1_mybelovedcraft-e1462197881709-400x400.jpg 400w, https:\/\/mybelovedcraft.com\/site\/wp-content\/uploads\/2016\/05\/yarnbomb1_mybelovedcraft-e1462197881709-200x200.jpg 200w\" sizes=\"(max-width: 640px) 100vw, 640px\" \/><\/a><br \/>\n<a href=\"https:\/\/mybelovedcraft.com\/site\/wp-content\/uploads\/2016\/05\/yarnbomb3_mybelovedcraft-e1462197869212.jpg\"><img decoding=\"async\" loading=\"lazy\" class=\"alignnone size-full wp-image-2936\" src=\"https:\/\/mybelovedcraft.com\/site\/wp-content\/uploads\/2016\/05\/yarnbomb3_mybelovedcraft-e1462197869212.jpg\" alt=\"yarnbomb3_mybelovedcraft\" width=\"640\" height=\"640\" srcset=\"https:\/\/mybelovedcraft.com\/site\/wp-content\/uploads\/2016\/05\/yarnbomb3_mybelovedcraft-e1462197869212.jpg 640w, https:\/\/mybelovedcraft.com\/site\/wp-content\/uploads\/2016\/05\/yarnbomb3_mybelovedcraft-e1462197869212-400x400.jpg 400w, https:\/\/mybelovedcraft.com\/site\/wp-content\/uploads\/2016\/05\/yarnbomb3_mybelovedcraft-e1462197869212-200x200.jpg 200w\" sizes=\"(max-width: 640px) 100vw, 640px\" \/><\/a><br \/>\n<a href=\"https:\/\/mybelovedcraft.com\/site\/wp-content\/uploads\/2016\/05\/yarnbomb6_mybelovedcraft-e1462197840378.jpg\"><img decoding=\"async\" loading=\"lazy\" class=\"alignnone size-full wp-image-2939\" src=\"https:\/\/mybelovedcraft.com\/site\/wp-content\/uploads\/2016\/05\/yarnbomb6_mybelovedcraft-e1462197840378.jpg\" alt=\"yarnbomb6_mybelovedcraft\" width=\"640\" height=\"640\" srcset=\"https:\/\/mybelovedcraft.com\/site\/wp-content\/uploads\/2016\/05\/yarnbomb6_mybelovedcraft-e1462197840378.jpg 640w, https:\/\/mybelovedcraft.com\/site\/wp-content\/uploads\/2016\/05\/yarnbomb6_mybelovedcraft-e1462197840378-400x400.jpg 400w, https:\/\/mybelovedcraft.com\/site\/wp-content\/uploads\/2016\/05\/yarnbomb6_mybelovedcraft-e1462197840378-200x200.jpg 200w\" sizes=\"(max-width: 640px) 100vw, 640px\" \/><\/a><br \/>\n<a href=\"https:\/\/mybelovedcraft.com\/site\/wp-content\/uploads\/2016\/05\/yarnbomb5_mybelovedcraft-e1462197849213.jpg\"><img decoding=\"async\" loading=\"lazy\" class=\"alignnone size-full wp-image-2938\" src=\"https:\/\/mybelovedcraft.com\/site\/wp-content\/uploads\/2016\/05\/yarnbomb5_mybelovedcraft-e1462197849213.jpg\" alt=\"yarnbomb5_mybelovedcraft\" width=\"640\" height=\"640\" srcset=\"https:\/\/mybelovedcraft.com\/site\/wp-content\/uploads\/2016\/05\/yarnbomb5_mybelovedcraft-e1462197849213.jpg 640w, https:\/\/mybelovedcraft.com\/site\/wp-content\/uploads\/2016\/05\/yarnbomb5_mybelovedcraft-e1462197849213-400x400.jpg 400w, https:\/\/mybelovedcraft.com\/site\/wp-content\/uploads\/2016\/05\/yarnbomb5_mybelovedcraft-e1462197849213-200x200.jpg 200w\" sizes=\"(max-width: 640px) 100vw, 640px\" \/><\/a><\/p>\n<div class=\"pntrst_main_before_after\"><\/div>","protected":false},"excerpt":{"rendered":"<p>Follow me Um jardim com 240 flores em crochet para todas as m\u00e3es do mundo! Projecto idealizado, projectado e realizado pela my Beloved Craft para o Dia da M\u00e3e, 1 de Maio de 2016 no Largo Dr. David Alves, P\u00f3voa de Varzim.<\/p>\n","protected":false},"author":3,"featured_media":2940,"parent":0,"menu_order":0,"comment_status":"closed","ping_status":"closed","template":"","meta":[],"_links":{"self":[{"href":"https:\/\/mybelovedcraft.com\/site\/wp-json\/wp\/v2\/pages\/2942"}],"collection":[{"href":"https:\/\/mybelovedcraft.com\/site\/wp-json\/wp\/v2\/pages"}],"about":[{"href":"https:\/\/mybelovedcraft.com\/site\/wp-json\/wp\/v2\/types\/page"}],"author":[{"embeddable":true,"href":"https:\/\/mybelovedcraft.com\/site\/wp-json\/wp\/v2\/users\/3"}],"replies":[{"embeddable":true,"href":"https:\/\/mybelovedcraft.com\/site\/wp-json\/wp\/v2\/comments?post=2942"}],"version-history":[{"count":5,"href":"https:\/\/mybelovedcraft.com\/site\/wp-json\/wp\/v2\/pages\/2942\/revisions"}],"predecessor-version":[{"id":3620,"href":"https:\/\/mybelovedcraft.com\/site\/wp-json\/wp\/v2\/pages\/2942\/revisions\/3620"}],"wp:featuredmedia":[{"embeddable":true,"href":"https:\/\/mybelovedcraft.com\/site\/wp-json\/wp\/v2\/media\/2940"}],"wp:attachment":[{"href":"https:\/\/mybelovedcraft.com\/site\/wp-json\/wp\/v2\/media?parent=2942"}],"curies":[{"name":"wp","href":"https:\/\/api.w.org\/{rel}","templated":true}]}}