{"id":1478,"date":"2013-12-16T10:41:05","date_gmt":"2013-12-16T10:41:05","guid":{"rendered":"http:\/\/mybelovedcraft.com\/site\/?page_id=1478"},"modified":"2021-06-27T12:28:36","modified_gmt":"2021-06-27T12:28:36","slug":"yarn-bombing","status":"publish","type":"page","link":"https:\/\/mybelovedcraft.com\/site\/yarn-bombing\/","title":{"rendered":"Yarn Bomb &#8220;\u00c1rvore do Almada&#8221;"},"content":{"rendered":"<div class=\"fcbkbttn_buttons_block\" id=\"fcbkbttn_left\"><div class=\"fcbkbttn_button\">\n                            <a href=\"https:\/\/www.facebook.com\/\" target=\"_blank\">\n                                <img src=\"https:\/\/mybelovedcraft.com\/site\/wp-content\/plugins\/social-buttons-pack\/facebook-button-plugin\/images\/standard-facebook-ico.png\" alt=\"Fb-Button\" \/>\n                            <\/a>\n                        <\/div><div class=\"fcbkbttn_like \"><fb:like href=\"https:\/\/mybelovedcraft.com\/site\/yarn-bombing\/\" action=\"like\" colorscheme=\"light\" layout=\"standard\" show-faces='false' width=\"225px\" size=\"small\"><\/fb:like><\/div><\/div><div class=\"pntrst_main_before_after\"><div class=\"pntrst-button-wrap\">\r\n\t\t\t\t\t\t\t<a data-pin-do=\"buttonBookmark\" data-pin-custom=\"\" href=\"https:\/\/www.pinterest.com\/pin\/create\/button\/\"><img data-pin-nopin=\"1\" class=\"pntrst-custom-pin\" src=\"https:\/\/mybelovedcraft.com\/site\/wp-content\/plugins\/social-buttons-pack\/bws-pinterest\/images\/pin.png\" width=\"60\"><\/a>\r\n\t\t\t\t\t\t<\/div><div class=\"pntrst-button-wrap \" >\r\n\t\t\t\t\t\t\t<a  data-pin-do=\"buttonFollow\" href=\"https:\/\/www.pinterest.com\/\/\">Follow me<\/a>\r\n\t\t\t\t\t\t<\/div><\/div><p>Primeira yarn bomb da P\u00f3voa de Varzim, situada na bela Pra\u00e7a do Almada.<\/p>\n<p>Projecto pensado e desenvolvido pela My Beloved Craft, em Dezembro de 2013.<\/p>\n<p>*<\/p>\n<p><em>The first yarn bomb of P\u00f3voa de Varzim, at Pra\u00e7a do Almada.<\/em><\/p>\n<p><em>Project\u00a0designed and developed\u00a0by\u00a0My Beloved\u00a0Craft, on December 2013.<\/em><\/p>\n<p><a href=\"https:\/\/mybelovedcraft.com\/site\/wp-content\/uploads\/2013\/12\/photo_31.jpg\"><img decoding=\"async\" loading=\"lazy\" class=\"alignnone size-full wp-image-1474\" src=\"https:\/\/mybelovedcraft.com\/site\/wp-content\/uploads\/2013\/12\/photo_31.jpg\" alt=\"photo_3\" width=\"480\" height=\"480\" srcset=\"https:\/\/mybelovedcraft.com\/site\/wp-content\/uploads\/2013\/12\/photo_31.jpg 480w, https:\/\/mybelovedcraft.com\/site\/wp-content\/uploads\/2013\/12\/photo_31-200x200.jpg 200w, https:\/\/mybelovedcraft.com\/site\/wp-content\/uploads\/2013\/12\/photo_31-400x400.jpg 400w\" sizes=\"(max-width: 480px) 100vw, 480px\" \/><\/a><a href=\"https:\/\/mybelovedcraft.com\/site\/wp-content\/uploads\/2013\/12\/photo5.jpg\"><img decoding=\"async\" loading=\"lazy\" class=\"alignnone size-full wp-image-1475\" src=\"https:\/\/mybelovedcraft.com\/site\/wp-content\/uploads\/2013\/12\/photo5.jpg\" alt=\"photo\" width=\"480\" height=\"480\" srcset=\"https:\/\/mybelovedcraft.com\/site\/wp-content\/uploads\/2013\/12\/photo5.jpg 480w, https:\/\/mybelovedcraft.com\/site\/wp-content\/uploads\/2013\/12\/photo5-200x200.jpg 200w, https:\/\/mybelovedcraft.com\/site\/wp-content\/uploads\/2013\/12\/photo5-400x400.jpg 400w\" sizes=\"(max-width: 480px) 100vw, 480px\" \/><\/a><a href=\"https:\/\/mybelovedcraft.com\/site\/wp-content\/uploads\/2013\/12\/photo_21.jpg\"><img decoding=\"async\" loading=\"lazy\" class=\"alignnone size-full wp-image-1473\" src=\"https:\/\/mybelovedcraft.com\/site\/wp-content\/uploads\/2013\/12\/photo_21.jpg\" alt=\"photo_2\" width=\"480\" height=\"480\" srcset=\"https:\/\/mybelovedcraft.com\/site\/wp-content\/uploads\/2013\/12\/photo_21.jpg 480w, https:\/\/mybelovedcraft.com\/site\/wp-content\/uploads\/2013\/12\/photo_21-200x200.jpg 200w, https:\/\/mybelovedcraft.com\/site\/wp-content\/uploads\/2013\/12\/photo_21-400x400.jpg 400w\" sizes=\"(max-width: 480px) 100vw, 480px\" \/><\/a><img decoding=\"async\" loading=\"lazy\" class=\"alignnone size-full wp-image-1479\" src=\"https:\/\/mybelovedcraft.com\/site\/wp-content\/uploads\/2013\/12\/photo-11.jpg\" alt=\"photo-1\" width=\"480\" height=\"480\" srcset=\"https:\/\/mybelovedcraft.com\/site\/wp-content\/uploads\/2013\/12\/photo-11.jpg 480w, https:\/\/mybelovedcraft.com\/site\/wp-content\/uploads\/2013\/12\/photo-11-200x200.jpg 200w, https:\/\/mybelovedcraft.com\/site\/wp-content\/uploads\/2013\/12\/photo-11-400x400.jpg 400w\" sizes=\"(max-width: 480px) 100vw, 480px\" \/> <a href=\"https:\/\/mybelovedcraft.com\/site\/wp-content\/uploads\/2013\/12\/photo-5.jpg\"><img decoding=\"async\" loading=\"lazy\" class=\"alignnone size-full wp-image-1482\" src=\"https:\/\/mybelovedcraft.com\/site\/wp-content\/uploads\/2013\/12\/photo-5.jpg\" alt=\"photo-5\" width=\"480\" height=\"480\" srcset=\"https:\/\/mybelovedcraft.com\/site\/wp-content\/uploads\/2013\/12\/photo-5.jpg 480w, https:\/\/mybelovedcraft.com\/site\/wp-content\/uploads\/2013\/12\/photo-5-200x200.jpg 200w, https:\/\/mybelovedcraft.com\/site\/wp-content\/uploads\/2013\/12\/photo-5-400x400.jpg 400w\" sizes=\"(max-width: 480px) 100vw, 480px\" \/><\/a><\/p>\n<p>Agrade\u00e7o \u00e0 Isabel e \u00e0 Cristina pela a ajuda na montagem e pelo seu carinho!<\/p>\n<p><em>Thank you Cristina and Isabel for your help and for you kindness!<\/em><\/p>\n<div class=\"pntrst_main_before_after\"><\/div>","protected":false},"excerpt":{"rendered":"<p>Follow me Primeira yarn bomb da P\u00f3voa de Varzim, situada na bela Pra\u00e7a do Almada. Projecto pensado e desenvolvido pela My Beloved Craft, em Dezembro de 2013. * The first yarn bomb of P\u00f3voa de Varzim, at Pra\u00e7a do Almada. Project\u00a0designed and developed\u00a0by\u00a0My Beloved\u00a0Craft, on December 2013. Agrade\u00e7o \u00e0 Isabel e \u00e0 Cristina pela a [&hellip;]<\/p>\n","protected":false},"author":3,"featured_media":1472,"parent":0,"menu_order":0,"comment_status":"closed","ping_status":"closed","template":"","meta":[],"_links":{"self":[{"href":"https:\/\/mybelovedcraft.com\/site\/wp-json\/wp\/v2\/pages\/1478"}],"collection":[{"href":"https:\/\/mybelovedcraft.com\/site\/wp-json\/wp\/v2\/pages"}],"about":[{"href":"https:\/\/mybelovedcraft.com\/site\/wp-json\/wp\/v2\/types\/page"}],"author":[{"embeddable":true,"href":"https:\/\/mybelovedcraft.com\/site\/wp-json\/wp\/v2\/users\/3"}],"replies":[{"embeddable":true,"href":"https:\/\/mybelovedcraft.com\/site\/wp-json\/wp\/v2\/comments?post=1478"}],"version-history":[{"count":5,"href":"https:\/\/mybelovedcraft.com\/site\/wp-json\/wp\/v2\/pages\/1478\/revisions"}],"predecessor-version":[{"id":3695,"href":"https:\/\/mybelovedcraft.com\/site\/wp-json\/wp\/v2\/pages\/1478\/revisions\/3695"}],"wp:featuredmedia":[{"embeddable":true,"href":"https:\/\/mybelovedcraft.com\/site\/wp-json\/wp\/v2\/media\/1472"}],"wp:attachment":[{"href":"https:\/\/mybelovedcraft.com\/site\/wp-json\/wp\/v2\/media?parent=1478"}],"curies":[{"name":"wp","href":"https:\/\/api.w.org\/{rel}","templated":true}]}}